{"id":11,"date":"2020-11-29T15:14:55","date_gmt":"2020-11-29T15:14:55","guid":{"rendered":"http:\/\/diepfote.ch\/wordpress\/?page_id=11"},"modified":"2025-08-26T10:32:41","modified_gmt":"2025-08-26T10:32:41","slug":"ueber-mich","status":"publish","type":"page","link":"https:\/\/diepfote.ch\/wordpress\/index.php\/ueber-mich\/","title":{"rendered":"\u00dcber mich"},"content":{"rendered":"\n<div class=\"wp-block-media-text alignwide is-stacked-on-mobile\" style=\"grid-template-columns:29% auto\"><figure class=\"wp-block-media-text__media\"><img loading=\"lazy\" decoding=\"async\" width=\"300\" height=\"449\" src=\"http:\/\/diepfote.ch\/wordpress\/wp-content\/uploads\/2020\/11\/karin.jpg\" alt=\"\" class=\"wp-image-40\" srcset=\"https:\/\/diepfote.ch\/wordpress\/wp-content\/uploads\/2020\/11\/karin.jpg 300w, https:\/\/diepfote.ch\/wordpress\/wp-content\/uploads\/2020\/11\/karin-200x300.jpg 200w\" sizes=\"auto, (max-width: 300px) 100vw, 300px\" \/><\/figure><div class=\"wp-block-media-text__content\">\n<p>Als kleines Kind war ich schon von allen Hunden begeistert. Von gross bis klein, von kurzhaarig bis langhaarig, doch mein Favorit war Jonny, ein braun-schwarzer Dackel von meiner Nachbarin. Mit ihm verbrachte ich damals viel Zeit. Als dieser dann starb, schaute ich mich sofort wieder nach einem \u201ePflegehund\u201c um. Auf Jonny folgte dann Cindy, Rex, Paia, Hardy, Smokey und Jil bis ich dann endlich meinen eigenen Vierbeiner nach Hause holen durfte.<\/p>\n\n\n\n<p>Mit Mischlingsh\u00fcndin Sheila (Yorkshire-Shizu Mischling) fing ich mich dann an f\u00fcr den Agility-Sport zu interessieren. Leider kamen wir nicht sehr weit, da sie zwei Jahre sp\u00e4ter bei der Geburt ihrer 4 Babies verstarb. Ein Welpe \u00fcberlebte und so war die Trauer sehr schnell \u00fcberwunden, da ich genug besch\u00e4ftigt war mit der Handaufzucht meiner kleinen Sima. Agility war dann f\u00fcr sie auch eine super Besch\u00e4ftigung und so starteten wir an mehreren Meetings. Auch haben wir an der ASMV (Agility Schweizermeisterschaft f\u00fcr Vereine) teilgenommen. Jetzt \u00fcben wir den Hundesport nur noch spasseshalber aus.&nbsp;<\/p>\n\n\n\n<p>Im Januar 2011 schloss ich bei ATN (Akademie f\u00fcr Tiernaturheilkunde) Hundepsychologie ab und bildete mich in Sachen Hund immer weiter. Die Zeit vom Januar 2011 &#8211; April 2012 verbrachte ich&nbsp;in einem Zentrum f\u00fcr Menschen mit Hund von Martin R\u00fctter in Konstanz. Dieses gab mir das n\u00f6tige Wissen, um mich in dieser Branche selbstst\u00e4ndig zu machen.<\/p>\n\n\n\n<p>Anfang 2014 absolvierte ich noch zus\u00e4tzlich die Ausbildung zum SKN-Experte (Sachkundenachweis) bei der SC-Akademie in Reinach AG.<\/p>\n<\/div><\/div>\n","protected":false},"excerpt":{"rendered":"<p>Als kleines Kind war ich schon von allen Hunden begeistert. Von gross bis klein, von kurzhaarig bis langhaarig, doch mein Favorit war Jonny, ein braun-schwarzer Dackel von meiner Nachbarin. Mit ihm verbrachte ich damals viel Zeit. Als dieser dann starb, schaute ich mich sofort wieder nach einem \u201ePflegehund\u201c um. Auf Jonny folgte dann Cindy, Rex, &hellip; <\/p>\n<p class=\"link-more\"><a href=\"https:\/\/diepfote.ch\/wordpress\/index.php\/ueber-mich\/\" class=\"more-link\"><span class=\"screen-reader-text\">\u201e\u00dcber mich\u201c <\/span>weiterlesen<\/a><\/p>\n","protected":false},"author":1,"featured_media":0,"parent":0,"menu_order":0,"comment_status":"closed","ping_status":"closed","template":"","meta":{"footnotes":""},"class_list":["post-11","page","type-page","status-publish","hentry"],"_links":{"self":[{"href":"https:\/\/diepfote.ch\/wordpress\/index.php\/wp-json\/wp\/v2\/pages\/11","targetHints":{"allow":["GET"]}}],"collection":[{"href":"https:\/\/diepfote.ch\/wordpress\/index.php\/wp-json\/wp\/v2\/pages"}],"about":[{"href":"https:\/\/diepfote.ch\/wordpress\/index.php\/wp-json\/wp\/v2\/types\/page"}],"author":[{"embeddable":true,"href":"https:\/\/diepfote.ch\/wordpress\/index.php\/wp-json\/wp\/v2\/users\/1"}],"replies":[{"embeddable":true,"href":"https:\/\/diepfote.ch\/wordpress\/index.php\/wp-json\/wp\/v2\/comments?post=11"}],"version-history":[{"count":2,"href":"https:\/\/diepfote.ch\/wordpress\/index.php\/wp-json\/wp\/v2\/pages\/11\/revisions"}],"predecessor-version":[{"id":41,"href":"https:\/\/diepfote.ch\/wordpress\/index.php\/wp-json\/wp\/v2\/pages\/11\/revisions\/41"}],"wp:attachment":[{"href":"https:\/\/diepfote.ch\/wordpress\/index.php\/wp-json\/wp\/v2\/media?parent=11"}],"curies":[{"name":"wp","href":"https:\/\/api.w.org\/{rel}","templated":true}]}}